{"id":18251,"date":"2018-04-26T11:27:26","date_gmt":"2018-04-26T09:27:26","guid":{"rendered":"http:\/\/www.meanire.it\/nuovo\/privacy\/"},"modified":"2018-04-26T11:27:26","modified_gmt":"2018-04-26T09:27:26","slug":"privacy","status":"publish","type":"page","link":"https:\/\/www.meanire.it\/en\/privacy\/","title":{"rendered":"Privacy"},"content":{"rendered":"<p><b>1.Definizione<\/b><\/p>\n<p>I cookie sono piccoli file di testo inviati dal sito al terminale dell\u2019interessato (solitamente al browser).<\/p>\n<p>Tali file vengono memorizzati per essere poi ritrasmessi al sito alla successiva visita del medesimo utente.<\/p>\n<p>Un cookie non pu\u00f2 richiamare nessun altro dato dal disco fisso dell\u2019utente n\u00e9 trasmettere virus informatici o acquisire indirizzi e-mail. Ogni cookie \u00e8 unico per il web browser dell\u2019utente. Alcune delle funzioni dei cookie possono essere demandate ad altre tecnologie. Nel presente documento con il termine \u201ccookie\u201d si vuol far riferimento sia ai cookie, propriamente detti, sia a tutte le tecnologie ad essi similari.<\/p>\n<p><b>2.Tipologia cookie<\/b><\/p>\n<p>I cookie possono essere di prima o di terza parte, dove per \u201cprima parte\u201d si intendono i cookie che riportano come dominio il nostro sito, mentre per \u201cterza parte\u201d si intendono i cookie che sono relativi a domini esterni.<\/p>\n<p>I cookie di terze parti sono necessariamente installati da un soggetto esterno, sempre definito come \u201cterza parte\u201d, non gestito dal sito.<\/p>\n<p><b>3.Natura dei cookie<\/b><\/p>\n<p><i><b>3A.Cookie tecnici<\/b><\/i><\/p>\n<p>I cookie definiti tecnici vengono utilizzati al solo fine di \u201ceffettuare la trasmissione di una comunicazione su una rete di comunicazione elettronica, o nella misura strettamente necessaria al fornitore di un servizio della societ\u00e0 dell\u2019informazione esplicitamente richiesto dall\u2019abbonato o dall\u2019utente a erogare tale servizio\u201d (cfr. art. 122 del D.lgs. 196\/2003).<\/p>\n<p>Essi non vengono utilizzati per scopi ulteriori e sono normalmente installati direttamente dal titolare o dal gestore del sito web. Possono essere suddivisi in cookie di navigazione o di sessione, che garantiscono la normale navigazione e fruizione del sito web (permettendo, ad esempio, di realizzare un acquisto o autenticarsi per accedere ad aree riservate); cookie analytics, assimilati ai cookie tecnici laddove utilizzati direttamente dal gestore del sito per raccogliere informazioni, in forma aggregata, sul numero degli utenti e su come questi visitano il sito stesso; cookie di funzionalit\u00e0, che permettono all\u2019utente la navigazione in funzione di una serie di criteri selezionati (ad esempio, la lingua, i prodotti selezionati per l\u2019acquisto) al fine di migliorare il servizio reso allo stesso.<\/p>\n<p><i><b>3B.Cookie di profilazione<\/b><\/i><\/p>\n<p>I cookie di profilazione sono volti a creare profili relativi all\u2019utente e vengono utilizzati al fine di inviare messaggi pubblicitari in linea con le preferenze manifestate dallo stesso nell\u2019ambito della navigazione in rete. In ragione della particolare invasivit\u00e0 che tali dispositivi possono avere nell\u2019ambito della sfera privata degli utenti, la normativa europea e italiana prevede che l\u2019utente debba essere adeguatamente informato sull\u2019uso degli stessi ed esprimere cos\u00ec il proprio valido consenso.<\/p>\n<p>Ad essi si riferisce l\u2019art. 122 del Codice laddove prevede che \u201cl\u2019archiviazione delle informazioni nell\u2019apparecchio terminale di un contraente o di un utente o l\u2019accesso a informazioni gi\u00e0 archiviate sono consentiti unicamente a condizione che il contraente o l\u2019utente abbia espresso il proprio consenso dopo essere stato informato con le modalit\u00e0 semplificate di cui all\u2019articolo 13, comma 3\u201d (art. 122, comma 1, del Codice).<\/p>\n<p><i><b>3C.Soggetti coinvolti: editori e terze parti<\/b><\/i><\/p>\n<p>Un ulteriore elemento da considerare, ai fini della corretta definizione della materia in esame, \u00e8 quello soggettivo.<\/p>\n<p>Occorre, cio\u00e8, tenere conto del differente soggetto che installa i cookie sul terminale dell\u2019utente, a seconda che si tratti dello stesso gestore del sito che l\u2019utente sta visitando (che pu\u00f2 essere sinteticamente indicato come \u201ceditore\u201d) o di un sito diverso che installa cookie per il tramite del primo (c.d. \u201cterze parti\u201d).<\/p>\n<p>I cookie di analisi di terze parti servono tipicamente a raccogliere informazioni sull\u2019utilizzo del sito effettuato da parte degli utenti in forma anonima (pagine visitate, tempo di permanenza, origini del traffico di provenienza, provenienza geografica, et\u00e0, genere e interessi).<\/p>\n<p>Questi cookie sono inviati da domini di terze parti, esterni al sto. In caso di cookie di terze parti, il sito non ha un controllo diretto dei singoli cookie (non pu\u00f2 n\u00e9 installarli direttamente n\u00e9 cancellarli). E\u2019 possibile comunque gestire questi cookie attraverso le impostazioni del browser (vedi le istruzioni riportate pi\u00f9 avanti).<\/p>\n<p><b>4.Cookie installati sul nostro sito<\/b><\/p>\n<p>Diseguito forniamo l\u2019elenco dei cookie presenti sul nostro sito.<\/p>\n<p>Il nostro sito utilizza esclusivamente cookie tecnici per garantire all\u2019utente una migliore esperienza di navigazione e per attivit\u00e0 strettamente necessarie al funzionamento del sito; questi cookie sono indispensabili per la fruizione corretta del sito medesimo. Puoi disabilitare questi cookie dal browser seguendo le indicazioni nel paragrafo dedicato, ma ti segnaliamo che la tua esperienza di navigazione del sito potrebbe essere meno soddisfacente e inoltre non potremo rispondere di eventuali malfunzionamenti.<\/p>\n<p><b>5.<\/b><b>Durata dei cookie<\/b><\/p>\n<p>I cookie hanno una durata dettata dalla data di scadenza (o da un\u2019azione specifica come la chiusura del browser) impostata al momento dell\u2019installazione.<\/p>\n<p>I cookie presenti sul nostro sito sono esclusivamente temporanei o di sessione in quanto sono utilizzati per archiviare informazioni temporanee, consentono di collegare le azioni eseguite durante una sessione specifica e vengono rimossi dal computer alla chiusura del browser.<\/p>\n<p><b>6.Come disabilitare\/cancellare i cookie mediante configurazione del browser<\/b><\/p>\n<p>Chrome<\/p>\n<p>1. Eseguire il Browser Chrome<\/p>\n<p>2. Fare click sul men\u00f9 presente nella barra degli strumenti del browser a fianco della finestra di inserimento url per la navigazione<\/p>\n<p>3. Selezionare Impostazioni<\/p>\n<p>4. Fare clic su Mostra Impostazioni Avanzate<\/p>\n<p>5. Nella sezione \u201cPrivacy\u201d fare clic su bottone \u201cImpostazioni contenuti\u201c<\/p>\n<p>6. Nella sezione \u201cCookie\u201d \u00e8 possibile modificare le seguenti impostazioni relative ai cookie:<\/p>\n<ul>\n<li>Consentire il salvataggio dei dati in locale.<\/li>\n<li>Modificare i dati locali solo fino alla chiusura del browser.<\/li>\n<li>Impedire ai siti di impostare i cookie.<\/li>\n<li>Bloccare i cookie di terze parti e i dati dei siti.<\/li>\n<li>Gestire le eccezioni per alcuni siti internet.<\/li>\n<li>Eliminare uno o tutti i cookie.<\/li>\n<\/ul>\n<p>Mozilla Firefox<\/p>\n<p>1. Eseguire il Browser Mozilla Firefox<\/p>\n<p>2. Fare click sul men\u00f9 presente nella barra degli strumenti del browser a fianco della finestra di inserimento url per la navigazione<\/p>\n<p>3. Selezionare Opzioni<\/p>\n<p>4. Selezionare il pannello Privacy<\/p>\n<p>5. Fare clic su Mostra Impostazioni Avanzate<\/p>\n<p>6. Nella sezione \u201cPrivacy\u201d fare clic su bottone \u201cImpostazioni contenuti\u201c<\/p>\n<p>7. Nella sezione \u201cTracciamento\u201d \u00e8 possibile modificare le seguenti impostazioni relative ai cookie:<\/p>\n<ul>\n<li>Richiedi ai siti di non effettuare alcun tracciamento.<\/li>\n<li>Comunica ai siti la disponibilit\u00e0 ad essere tracciato.<\/li>\n<li>Non comunicare alcuna preferenza relativa al tracciamento dei dati personali.<\/li>\n<\/ul>\n<p>8. Dalla sezione \u201cCronologia\u201d \u00e8 possibile:<\/p>\n<ul>\n<li>Abilitando \u201cUtilizza impostazioni personalizzate\u201d, selezionare di accettare i cookie di terze parti (sempre, dai siti pi\u00f9 visitati o mai) e di conservarli per un periodo determinato (fino alla loro scadenza, alla chiusura di Firefox o di chiedere ogni volta).<\/li>\n<li>Rimuovere i singoli cookie immagazzinati.<\/li>\n<\/ul>\n<p>Internet Explorer<\/p>\n<p>1. Eseguire il Browser Internet Explorer<\/p>\n<p>2. Fare click sul pulsante Strumenti e scegliere Opzioni Internet<\/p>\n<p>3. Fare click sulla scheda Privacy e, nella sezione Impostazioni, modificare il dispositivo di scorrimento in funzione dell\u2019azione desiderata per i cookie:<\/p>\n<ul>\n<li>Bloccare tutti i cookie.<\/li>\n<li>Consentire tutti i cookie.<\/li>\n<\/ul>\n<p>Selezionare i siti da cui ottenere cookie: spostare il cursore in una posizione intermedia in modo da non bloccare o consentire tutti i cookie, premere quindi su Siti, nella casella Indirizzo Sito Web inserire un sito internet e quindi premere su Blocca o Consenti.<\/p>\n<p>Safari 6<\/p>\n<p>1. Eseguire il Browser Safari.<\/p>\n<p>2. Fare click su Safari, selezionare Preferenze e premere su Privacy.<\/p>\n<p>3. Nella sezione Blocca Cookie specificare come Safari deve accettare i cookie dai siti internet.<\/p>\n<p>4. Per visionare quali siti hanno immagazzinato i cookie cliccare su Dettagli.<\/p>\n<p>Safari iOS (dispositivi mobile)<\/p>\n<p>1. Eseguire il Browser Safari iOS.<\/p>\n<p>2. Tocca su Impostazioni e poi Safari.<\/p>\n<p>3. Tocca su Blocca Cookie e scegli tra le varie opzioni: \u201cMai\u201d, \u201cDi terze parti e inserzionisti\u201d o \u201cSempre\u201d.<\/p>\n<p>4. Per cancellare tutti i cookie immagazzinati da Safari, tocca su Impostazioni, poi su Safari e infine su Cancella Cookie e dati.<\/p>\n<p><b>7.Dati di utilizzo, titolare del trattamento e <\/b><b>modalit\u00e0 di trattamento<\/b><\/p>\n<p>I dati di utilizzo sono costituiti dalle informazioni raccolte in maniera automatica quali: gli indirizzi IP o i nomi a dominio dei computer utilizzati dall\u2019utente che si connette, gli indirizzi in notazione URI (Uniform Resource Identifier), l\u2019orario della richiesta, il metodo utilizzato nel sottoporre la richiesta al server, la dimensione del file ottenuto in risposta, il codice numerico indicante lo stato della risposta dal server (buon fine, errore, ecc.) il Paese di provenienza, le caratteristiche del browser e del sistema operativo utilizzati dal visitatore, le varie connotazioni temporali della visita (ad esempio il tempo di permanenza su ciascuna pagina) e i dettagli relativi all\u2019itinerario seguito all\u2019interno del sito, con particolare riferimento alla sequenza delle pagine consultate, ai parametri relativi al sistema operativo e all\u2019ambiente informatico dell\u2019Utente. I dati sono trattati con strumenti automatizzati per il tempo strettamente necessario a conseguire gli scopi per cui sono stati raccolti.<\/p>\n<p>L\u2019utente ha la facolt\u00e0 in qualsiasi momento di esercitare i diritti riconosciuti dall\u2019art. 7 del D.Lgs 196\/2003 scrivendo al Titolare del Trattamento:\u00a0Meani Real Estate &amp; Business,\u00a0via Umberto I\u00b0, 14 \u2013\u00a020862 ARCORE (MB), email: <a href=\"mailto:info@meanire.it\">info@meanire.it<\/a><\/p>\n","protected":false},"excerpt":{"rendered":"<p>1.Definizione I cookie sono piccoli file di testo inviati dal sito al terminale dell\u2019interessato (solitamente al browser). Tali file vengono memorizzati per essere poi ritrasmessi al sito alla successiva visita del medesimo utente. Un cookie non pu\u00f2 richiamare nessun altro dato dal disco fisso dell\u2019utente n\u00e9 trasmettere virus informatici o acquisire indirizzi e-mail. Ogni cookie \u00e8 unico per il web browser dell\u2019utente. Alcune delle &#8230;<\/p>\n","protected":false},"author":1,"featured_media":0,"parent":0,"menu_order":0,"comment_status":"closed","ping_status":"closed","template":"wpresidence\/terms_conditions.php","meta":{"inline_featured_image":false},"yoast_head":"<!-- This site is optimized with the Yoast SEO plugin v15.8 - https:\/\/yoast.com\/wordpress\/plugins\/seo\/ -->\n<title>Privacy - Meani Re<\/title>\n<meta name=\"robots\" content=\"index, follow, max-snippet:-1, max-image-preview:large, max-video-preview:-1\" \/>\n<link rel=\"canonical\" href=\"https:\/\/www.meanire.it\/en\/privacy\/\" \/>\n<meta property=\"og:locale\" content=\"en_US\" \/>\n<meta property=\"og:type\" content=\"article\" \/>\n<meta property=\"og:title\" content=\"Privacy - Meani Re\" \/>\n<meta property=\"og:description\" content=\"1.Definizione I cookie sono piccoli file di testo inviati dal sito al terminale dell\u2019interessato (solitamente al browser). Tali file vengono memorizzati per essere poi ritrasmessi al sito alla successiva visita del medesimo utente. Un cookie non pu\u00f2 richiamare nessun altro dato dal disco fisso dell\u2019utente n\u00e9 trasmettere virus informatici o acquisire indirizzi e-mail. Ogni cookie \u00e8 unico per il web browser dell\u2019utente. Alcune delle ...\" \/>\n<meta property=\"og:url\" content=\"https:\/\/www.meanire.it\/en\/privacy\/\" \/>\n<meta property=\"og:site_name\" content=\"Meani Re\" \/>\n<meta property=\"article:publisher\" content=\"https:\/\/www.facebook.com\/MeaniRealEstate\" \/>\n<meta name=\"twitter:card\" content=\"summary_large_image\" \/>\n<meta name=\"twitter:site\" content=\"@MeaniRE\" \/>\n<meta name=\"twitter:label1\" content=\"Est. reading time\">\n\t<meta name=\"twitter:data1\" content=\"7 minutes\">\n<script type=\"application\/ld+json\" class=\"yoast-schema-graph\">{\"@context\":\"https:\/\/schema.org\",\"@graph\":[{\"@type\":\"Organization\",\"@id\":\"https:\/\/www.meanire.it\/en\/#organization\",\"name\":\"Meani Real Estate & Business\",\"url\":\"https:\/\/www.meanire.it\/en\/\",\"sameAs\":[\"https:\/\/www.facebook.com\/MeaniRealEstate\",\"https:\/\/www.linkedin.com\/company\/meani-real-estate-&amp;-business\/\",\"https:\/\/www.youtube.com\/channel\/UCHTIluixn39T-c-CEyhsOsg?view_as=subscriber\",\"https:\/\/twitter.com\/MeaniRE\"],\"logo\":{\"@type\":\"ImageObject\",\"@id\":\"https:\/\/www.meanire.it\/en\/#logo\",\"inLanguage\":\"en-US\",\"url\":\"https:\/\/www.meanire.it\/wp-content\/uploads\/2020\/09\/Meani_REB.jpg\",\"width\":147,\"height\":160,\"caption\":\"Meani Real Estate & Business\"},\"image\":{\"@id\":\"https:\/\/www.meanire.it\/en\/#logo\"}},{\"@type\":\"WebSite\",\"@id\":\"https:\/\/www.meanire.it\/en\/#website\",\"url\":\"https:\/\/www.meanire.it\/en\/\",\"name\":\"Meani Re\",\"description\":\"\",\"publisher\":{\"@id\":\"https:\/\/www.meanire.it\/en\/#organization\"},\"potentialAction\":[{\"@type\":\"SearchAction\",\"target\":\"https:\/\/www.meanire.it\/en\/?s={search_term_string}\",\"query-input\":\"required name=search_term_string\"}],\"inLanguage\":\"en-US\"},{\"@type\":\"WebPage\",\"@id\":\"https:\/\/www.meanire.it\/en\/privacy\/#webpage\",\"url\":\"https:\/\/www.meanire.it\/en\/privacy\/\",\"name\":\"Privacy - Meani Re\",\"isPartOf\":{\"@id\":\"https:\/\/www.meanire.it\/en\/#website\"},\"datePublished\":\"2018-04-26T09:27:26+00:00\",\"dateModified\":\"2018-04-26T09:27:26+00:00\",\"breadcrumb\":{\"@id\":\"https:\/\/www.meanire.it\/en\/privacy\/#breadcrumb\"},\"inLanguage\":\"en-US\",\"potentialAction\":[{\"@type\":\"ReadAction\",\"target\":[\"https:\/\/www.meanire.it\/en\/privacy\/\"]}]},{\"@type\":\"BreadcrumbList\",\"@id\":\"https:\/\/www.meanire.it\/en\/privacy\/#breadcrumb\",\"itemListElement\":[{\"@type\":\"ListItem\",\"position\":1,\"item\":{\"@type\":\"WebPage\",\"@id\":\"https:\/\/www.meanire.it\/en\/homepage\/\",\"url\":\"https:\/\/www.meanire.it\/en\/homepage\/\",\"name\":\"Home\"}},{\"@type\":\"ListItem\",\"position\":2,\"item\":{\"@type\":\"WebPage\",\"@id\":\"https:\/\/www.meanire.it\/en\/privacy\/\",\"url\":\"https:\/\/www.meanire.it\/en\/privacy\/\",\"name\":\"Privacy\"}}]}]}<\/script>\n<!-- \/ Yoast SEO plugin. -->","_links":{"self":[{"href":"https:\/\/www.meanire.it\/en\/wp-json\/wp\/v2\/pages\/18251"}],"collection":[{"href":"https:\/\/www.meanire.it\/en\/wp-json\/wp\/v2\/pages"}],"about":[{"href":"https:\/\/www.meanire.it\/en\/wp-json\/wp\/v2\/types\/page"}],"author":[{"embeddable":true,"href":"https:\/\/www.meanire.it\/en\/wp-json\/wp\/v2\/users\/1"}],"replies":[{"embeddable":true,"href":"https:\/\/www.meanire.it\/en\/wp-json\/wp\/v2\/comments?post=18251"}],"version-history":[{"count":0,"href":"https:\/\/www.meanire.it\/en\/wp-json\/wp\/v2\/pages\/18251\/revisions"}],"wp:attachment":[{"href":"https:\/\/www.meanire.it\/en\/wp-json\/wp\/v2\/media?parent=18251"}],"curies":[{"name":"wp","href":"https:\/\/api.w.org\/{rel}","templated":true}]}}